{"id":13,"date":"2014-11-26T11:15:01","date_gmt":"2014-11-26T09:15:01","guid":{"rendered":"https:\/\/www.krimsundkrams.com\/\/?post_type=product&#038;p=13"},"modified":"2026-01-17T13:02:13","modified_gmt":"2026-01-17T11:02:13","slug":"14-12-flohmarkt-krimskrams","status":"publish","type":"product","link":"https:\/\/www.krimsundkrams.com\/?product=14-12-flohmarkt-krimskrams","title":{"rendered":"9.11. Krims &#038; Krams Flohmarkt im Bahnw\u00e4rter Thiel (Bitte liest noch die Infos unten durch)"},"content":{"rendered":"<div class=\"_1w2q\">\n<div id=\"id_5677d396029637d59860131\" class=\"text_exposed_root text_exposed\">Eure Wohnungen, Keller &amp; Dachb\u00f6den schreien f\u00f6rmlich danach von der Welt mit euren Sch\u00e4tzen neu entdeckt zu werden, <span class=\"text_exposed_show\"> sammelt alles ein was ihr nicht mehr braucht und erfreut neue Liebhaber damit.\u00a0<\/span><\/div>\n<\/div>\n<div><\/div>\n<div>Unser gem\u00fctlicher Krims &amp; Krams Flohmarkt findet im abenteuerlichen:<\/div>\n<div><\/div>\n<div>Bahnw\u00e4rter Thiel Atelierpark<\/div>\n<div>Tumblingerstr. 45<\/div>\n<div>80333 M\u00fcnchen<\/div>\n<div class=\"_1w2q\">\n<div class=\"text_exposed_root text_exposed\">\n<div class=\"_36hm _5cmn\"><\/div>\n<div id=\"u_jsonp_3_12\" class=\"_36hm _5cmn\">St\u00e4ndleraufbau: 11-13 h<\/div>\n<p>Einlass f\u00fcr G\u00e4ste: 13 Uhr<br \/>\nVeranstaltung: 13-18 Uhr<\/p>\n<p>Eintritt: 3,50 \u20ac<\/p>\n<p>*KEINE GEWERBlICHEN H\u00c4NDLER*<\/p>\n<p>Wenn nach der Bezahlung die Meldung bekommt: Storniert, bitte nicht beachten.<\/p>\n<p>Anfahrt: \u00fcber die Zenettistr. mit dem Auto m\u00f6glich, Hintereingang Rampe f\u00fcr Standler. Bitte ausladen und dann das Auto wegfahren.<\/p>\n<p>Bitte stellt euch f\u00fcr die Anmeldung eures Standes an dem hinter Eingang des Bahnw\u00e4rter Thiels an(siehe Bild), da werden wir euch willkommen hei\u00dfen und euch zu eurem Stand bringen.<\/p>\n<p>ACHTUNG: WIR K\u00d6NNEN KEINE GARANTIE GEBEN MEHR ALS 3 m AM ST\u00dcCK FREIZUGEBEN .(unsere Fl\u00e4che ist begrenzt)<\/p>\n<p>Pfandr\u00fcckgabe:<br \/>\nIhr bekommt den Pfand am Ende zur\u00fcck, wenn der Platz sauber und leer hinterlassen wird.<br \/>\nFalls ihr uns nicht seht, ruft uns bitte an \u2013 wir kommen dann direkt zu euch. Die Telefonnummer findet ihr unter \u201eKontakt\u201c.<br \/>\nLetzte Abgabe bis sp\u00e4testens 18.30 Uhr.<\/p>\n<p>F\u00fcr die <strong>Beleuchtung<\/strong> w\u00fcrden wir euch bitten, selbst Verl\u00e4ngerungskabel &amp; Lampen mitzubringen, Strom bekommt ihr von uns wenn es an dem Standort m\u00f6glich ist. Am besten ist es wenn ihr mobiles Licht einpackt.<\/p>\n<\/div>\n<p>Unsere Kleiderstangen (1 m) und Tische sind individuell und haben unterschiedliche Gr\u00f6\u00dfen und H\u00f6hen, und bestehen aus unterschiedlichen Elementen.<\/p>\n<p>Wir bitten vielmals um Verst\u00e4ndnis, an einigen Stellen kann man nicht hinter seinem Stand sitzen, sondern nur daneben.<\/p>\n<div class=\"text_exposed_root text_exposed\">\n<div>Bei schlechtem Wetter k\u00f6nnen wir leider keine Geb\u00fchren r\u00fcckerstatten, da der Flohmarkt bei jedem Wetter<\/div>\n<div>stattfindet.<\/div>\n<p>Bitte achtet drauf : Das tragen und verkaufen von echtem Pelz ist nicht erw\u00fcnscht.<\/p>\n<p>Wir freuen uns riesig auf euch.<\/p>\n<\/div>\n<div class=\"text_exposed_root text_exposed\">Euer Krims &amp; Krams<\/div>\n<\/div>\n","protected":false},"excerpt":{"rendered":"<p>****** Liebe Tr\u00f6delliebhaber, wir freuen uns riesig auf euch ******<\/p>\n<p>ACHTUNG : <strong>bei schlechtem Wetter gibt es keine Geldr\u00fcckerstattung<\/strong>, im Aussenbereich.<\/p>\n<div id=\"u_jsonp_3_12\" class=\"_36hm _5cmn\">Mit der Bezahlung ist die Buchung abgeschlossen, ihr bekommt keine zus\u00e4tzliche Best\u00e4tigung von uns.<\/div>\n<div><\/div>\n<div><\/div>\n<p>&nbsp;<br \/>\n<a href=\"https:\/\/www.instagram.com\/krims.und.krams\/\" target=\"_blank\" alt=\"Instagram\" titel=\"Instagram\" rel=\"noopener\"><img decoding=\"async\" src=\"\/wp-content\/uploads\/2024\/02\/Instagram_Glyph_Gradient_RGB_logo.svg_.png\" width=\"20\" hight=\"auto\"><\/a><br \/>\n&nbsp;&hellip;<\/p>\n","protected":false},"featured_media":3253,"comment_status":"closed","ping_status":"closed","template":"","meta":[],"product_cat":[18],"product_tag":[],"class_list":{"0":"post-13","1":"product","2":"type-product","3":"status-publish","4":"has-post-thumbnail","6":"product_cat-unkategorisiert","8":"first","9":"instock","10":"taxable","11":"shipping-taxable","12":"purchasable","13":"product-type-variable","14":"has-default-attributes"},"jetpack_sharing_enabled":true,"_links":{"self":[{"href":"https:\/\/www.krimsundkrams.com\/index.php?rest_route=\/wp\/v2\/product\/13","targetHints":{"allow":["GET"]}}],"collection":[{"href":"https:\/\/www.krimsundkrams.com\/index.php?rest_route=\/wp\/v2\/product"}],"about":[{"href":"https:\/\/www.krimsundkrams.com\/index.php?rest_route=\/wp\/v2\/types\/product"}],"replies":[{"embeddable":true,"href":"https:\/\/www.krimsundkrams.com\/index.php?rest_route=%2Fwp%2Fv2%2Fcomments&post=13"}],"wp:featuredmedia":[{"embeddable":true,"href":"https:\/\/www.krimsundkrams.com\/index.php?rest_route=\/wp\/v2\/media\/3253"}],"wp:attachment":[{"href":"https:\/\/www.krimsundkrams.com\/index.php?rest_route=%2Fwp%2Fv2%2Fmedia&parent=13"}],"wp:term":[{"taxonomy":"product_cat","embeddable":true,"href":"https:\/\/www.krimsundkrams.com\/index.php?rest_route=%2Fwp%2Fv2%2Fproduct_cat&post=13"},{"taxonomy":"product_tag","embeddable":true,"href":"https:\/\/www.krimsundkrams.com\/index.php?rest_route=%2Fwp%2Fv2%2Fproduct_tag&post=13"}],"curies":[{"name":"wp","href":"https:\/\/api.w.org\/{rel}","templated":true}]}}