{"id":4057,"date":"2026-01-07T15:08:31","date_gmt":"2026-01-07T13:08:31","guid":{"rendered":"https:\/\/www.krimsundkrams.com\/?page_id=4057"},"modified":"2026-04-16T14:17:13","modified_gmt":"2026-04-16T12:17:13","slug":"stand-buchen","status":"publish","type":"page","link":"https:\/\/www.krimsundkrams.com\/","title":{"rendered":""},"content":{"rendered":"\n<p class=\"has-text-align-center p2 has-medium-font-size\">Liebe Freund*innen,<br>wir laden euch herzlichst zur n\u00e4chsten Ausgabe unseres kunterbunten Krims &amp; Krams Flohmarkts in den Bahnw\u00e4rter Thiel ein!<br>Auf euch wartet ein bunter Mix aus Mode, Musik, Kost\u00fcmen, Kunst, Requisiten und sonstigen Sch\u00e4tzen. F\u00fcr Speis &amp; Trank ist gesorgt. Bitte seht daher auch von der Mitnahme eigener Getr\u00e4nke ab.<br>Musikalisch erwarten euch wechselnde Newcomer*innen und DJs, die ihre Platten direkt vom Plattenspieler verkaufen.<br>Kommt herbei zum Tr\u00f6deln und Tanzen!<\/p>\n\n\n\n<p class=\"has-text-align-center has-medium-font-size\">Heute werden wir verw\u00f6hnt von: <\/p>\n\n\n\n<p class=\"has-text-align-center has-medium-font-size\">13:00-15:30 Powle &amp; Vitalwinfredo * verkaufen ihre Platten direkt vom Plattenspieler<\/p>\n\n\n\n<p class=\"has-text-align-center p2 has-medium-font-size\">Eure Wohnungen, Keller &amp; Dachb\u00f6den schreien f\u00f6rmlich danach, von der Welt mit euren Sch\u00e4tzen neu entdeckt zu werden. Sammelt alles ein, was ihr nicht mehr braucht, und macht neuen Liebhaber:innen eine Freude.<\/p>\n\n\n\n<h2 class=\"wp-block-heading has-text-align-center\"><strong>Stand buchen:<\/strong><\/h2>\n\n\n\n<iframe loading=\"lazy\" style=\"border:0px;\" height=\"455px\" width=\"100%\" frameborder=\"0\" src=\"https:\/\/t.rausgegangen.de\/tickets\/shop\/p-krims-krams-flohmarkt\"><\/iframe>\n\n\n\n<p class=\"has-text-align-center\"><em>Keine gewerblichen H\u00e4ndler<\/em><\/p>\n\n\n\n<p class=\"p2\"><strong>Ort<br><\/strong>Bahnw\u00e4rter Thiel<br>Tumblingerstr. 45<br>80333 M\u00fcnchen<\/p>\n\n\n\n<p class=\"p2\"><strong>Zeiten<br><\/strong>St\u00e4ndlerankunft: 12:00\u201313:30 Uhr<br>Veranstaltung: 14:00\u201319:00 Uhr<\/p>\n\n\n\n<p class=\"p2\"><strong>Eintritt<\/strong><br>4,00 \u20ac<br>Unter 14 Jahren: Eintritt frei<\/p>\n\n\n\n<p class=\"p2\"><strong>Anfahrt &amp; Aufbau:<\/strong><br>Bitte stellt euch f\u00fcr die Anmeldung eures Standes am Hintereingang des Bahnw\u00e4rter Thiels an.<br>Dort hei\u00dfen wir euch willkommen und bringen euch zu eurem Stand.<br>F\u00fcr St\u00e4ndler ist die Anfahrt \u00fcber die Zenettistra\u00dfe 11 mit dem Auto m\u00f6glich. Nach dem Ausladen muss das Auto wieder weggefahren und auf der Stra\u00dfe geparkt werden. Wir haben leider keine eigenen Parkpl\u00e4tze.<\/p>\n\n\n\n<figure class=\"wp-block-image is-resized is-style-default\"><img loading=\"lazy\" decoding=\"async\" width=\"450\" height=\"195\" src=\"https:\/\/www.krimsundkrams.com\/wp-content\/uploads\/2026\/01\/Bildschirmfoto-2024-04-15-um-09.04.02-450x195.png\" alt=\"\" class=\"wp-image-4061\" srcset=\"https:\/\/www.krimsundkrams.com\/wp-content\/uploads\/2026\/01\/Bildschirmfoto-2024-04-15-um-09.04.02-450x195.png 450w, https:\/\/www.krimsundkrams.com\/wp-content\/uploads\/2026\/01\/Bildschirmfoto-2024-04-15-um-09.04.02-1024x444.png 1024w, https:\/\/www.krimsundkrams.com\/wp-content\/uploads\/2026\/01\/Bildschirmfoto-2024-04-15-um-09.04.02-768x333.png 768w, https:\/\/www.krimsundkrams.com\/wp-content\/uploads\/2026\/01\/Bildschirmfoto-2024-04-15-um-09.04.02-300x130.png 300w, https:\/\/www.krimsundkrams.com\/wp-content\/uploads\/2026\/01\/Bildschirmfoto-2024-04-15-um-09.04.02.png 1176w\" sizes=\"auto, (max-width: 450px) 100vw, 450px\" \/><\/figure>\n\n\n\n<p class=\"p2\"><strong>Ausstattung &amp; Strom:<\/strong><\/p>\n\n\n\n<ul class=\"wp-block-list\">\n<li>Unsere Tische\/Podeste sind individuell, unterschiedlich gro\u00df und hoch (ca. 1,90 m lang), die Kleiderstangen sind 1 m lang. Bitte keine eigenen Tische und Kleiderstange mitbringen, beides wird von uns gestellt.<\/li>\n\n\n\n<li>Verl\u00e4ngerungskabel und Lampen (Empfehlung: mobiles Licht) m\u00fcssen selber mitgebracht werden<\/li>\n\n\n\n<li>Strom stellen wir, sofern am Standort m\u00f6glich<\/li>\n\n\n\n<li>An den meisten Stellen ist es nicht m\u00f6glich, hinter oder neben dem Stand zu sitzen<\/li>\n<\/ul>\n\n\n\n<p class=\"p2\"><strong>Pfand &amp; R\u00fcckgabe:<\/strong><\/p>\n\n\n\n<ul class=\"wp-block-list\">\n<li>Bei Ankunft ist ein M\u00fcllpfand in H\u00f6he von 10\u20ac in Bar zu entrichten<\/li>\n\n\n\n<li>Der Pfand wird am Ende der Veranstaltung zur\u00fcckerstattet, wenn der Standplatz sauber und leer ist<\/li>\n\n\n\n<li>Letzte R\u00fcckgabe ist eine halbe Stunde nach Veranstaltungsende<\/li>\n<\/ul>\n\n\n\n<p class=\"p2\"><strong>Wetter &amp; Regeln:<\/strong><\/p>\n\n\n\n<ul class=\"wp-block-list\">\n<li>Der Flohmarkt findet bei jedem Wetter statt<\/li>\n\n\n\n<li>Bei schlechtem Wetter k\u00f6nnen keine R\u00fcckerstattungen gemacht werden<\/li>\n\n\n\n<li>Das Tragen und Verkaufen von echtem Pelz ist nicht erw\u00fcnscht<\/li>\n\n\n\n<li>Der Verkauf von Lebensmitteln und Neuware ist nicht erlaubt<\/li>\n<\/ul>\n\n\n\n<p class=\"p2\">Wir freuen uns riesig auf euch!<br>Euer Krims &amp; Krams Team<\/p>\n","protected":false},"excerpt":{"rendered":"<p>Liebe Freund*innen,wir laden euch herzlichst zur n\u00e4chsten Ausgabe unseres kunterbunten Krims &amp; Krams Flohmarkts in den Bahnw\u00e4rter Thiel ein!Auf euch wartet ein bunter Mix aus Mode, Musik, Kost\u00fcmen, Kunst, Requisiten und sonstigen Sch\u00e4tzen. F\u00fcr Speis &amp; Trank ist gesorgt. Bitte seht daher auch von der Mitnahme eigener Getr\u00e4nke ab.Musikalisch erwarten euch wechselnde Newcomer*innen und DJs,&hellip;<\/p>\n","protected":false},"author":1,"featured_media":0,"parent":0,"menu_order":0,"comment_status":"closed","ping_status":"closed","template":"","meta":{"footnotes":""},"class_list":["post-4057","page","type-page","status-publish","hentry"],"jetpack_sharing_enabled":true,"_links":{"self":[{"href":"https:\/\/www.krimsundkrams.com\/index.php?rest_route=\/wp\/v2\/pages\/4057","targetHints":{"allow":["GET"]}}],"collection":[{"href":"https:\/\/www.krimsundkrams.com\/index.php?rest_route=\/wp\/v2\/pages"}],"about":[{"href":"https:\/\/www.krimsundkrams.com\/index.php?rest_route=\/wp\/v2\/types\/page"}],"author":[{"embeddable":true,"href":"https:\/\/www.krimsundkrams.com\/index.php?rest_route=\/wp\/v2\/users\/1"}],"replies":[{"embeddable":true,"href":"https:\/\/www.krimsundkrams.com\/index.php?rest_route=%2Fwp%2Fv2%2Fcomments&post=4057"}],"version-history":[{"count":35,"href":"https:\/\/www.krimsundkrams.com\/index.php?rest_route=\/wp\/v2\/pages\/4057\/revisions"}],"predecessor-version":[{"id":4120,"href":"https:\/\/www.krimsundkrams.com\/index.php?rest_route=\/wp\/v2\/pages\/4057\/revisions\/4120"}],"wp:attachment":[{"href":"https:\/\/www.krimsundkrams.com\/index.php?rest_route=%2Fwp%2Fv2%2Fmedia&parent=4057"}],"curies":[{"name":"wp","href":"https:\/\/api.w.org\/{rel}","templated":true}]}}