{"id":2,"date":"2014-10-08T12:35:24","date_gmt":"2014-10-08T10:35:24","guid":{"rendered":"https:\/\/www.krimsundkrams.com\/\/?page_id=2"},"modified":"2021-09-13T23:14:21","modified_gmt":"2021-09-13T21:14:21","slug":"beispiel-seite","status":"publish","type":"page","link":"https:\/\/www.krimsundkrams.com\/?page_id=2","title":{"rendered":"\u00dcber uns"},"content":{"rendered":"<div class=\"_5wd9\" data-reactid=\".b0.$mid=11417188105713=28e3c86402bf3799674.2:0\">\n<div class=\"_5wde\" data-reactid=\".b0.$mid=11417188105713=28e3c86402bf3799674.2:0.0\">\n<div class=\"_5wdf _5w1r\" data-reactid=\".b0.$mid=11417188105713=28e3c86402bf3799674.2:0.0.0\">\n<div data-reactid=\".b0.$mid=11417188105713=28e3c86402bf3799674.2:0.0.0.0\">\n<p><strong>Kommt zum Tr\u00f6deln, Tanzen und Trinken<\/strong><\/p>\n<p>Als Krims das erste mal, in einer fernen Zeit auf dem Dachboden eines alten Schlosses, Krams begegnete, wussten sie sofort, dass sie unzertrennlich und f\u00fcreinander geschaffen waren. Es war eine Zeit in der es noch wichtig war, Gegenst\u00e4nde wie Sch\u00e4tze zu behandeln und diese so zu fertigen, dass sie sich leicht reparieren lassen und somit f\u00fcr mehrere Generationen erhalten bleiben.<br \/>\nEs war eine Zeit in der jeder Gegenstand sorgf\u00e4ltig gebaut und produziert wurde, eine Zeit in der nichts weggeworfen wurde, eine Zeit in der jeder Gegenstand einem Schatz glich und deshalb ein einzigartiges Kunstwerk war.<br \/>\nSeitdem veranstalten Krims &amp; Krams gemeinsam die wohl ungew\u00f6hnlichsten Flohm\u00e4rkte, und schaffen dabei ganz besondere Orte, an denen sich alle Sch\u00e4tze unserer Welt versammeln, um gemeinsam gegen die d\u00fcstere K\u00f6nigin der Verschwendung zu k\u00e4mpfen. Einen Ort, an dem alle Eure wertvollen Sch\u00e4tze einen neuen gl\u00fccklichen Besitzer finden k\u00f6nnen. Der Kampf gegen die Verschwendung findet abwechselnd in alten Fabrikhallen, Brachfl\u00e4chen, Zirkuszelten statt.<br \/>\nKommt vorbei mit Euren Sch\u00e4tzen, die Ihr nicht mehr braucht oder einfach nur zum St\u00f6bern.<\/p>\n<p>Wir freuen uns auf Euch.<\/p>\n<p>Euer Krims &amp; Krams<\/p>\n<p><span class=\"_5yl5\" data-reactid=\".b0.$mid=11417188105713=28e3c86402bf3799674.2:0.0.0.0.0\"><span data-reactid=\".b0.$mid=11417188105713=28e3c86402bf3799674.2:0.0.0.0.0.0\"><span data-reactid=\".b0.$mid=11417188105713=28e3c86402bf3799674.2:0.0.0.0.0.0.$end:0:$16:0\">\u00a0<\/span><\/span><\/span><\/p>\n<\/div>\n<\/div>\n<\/div>\n<\/div>\n","protected":false},"excerpt":{"rendered":"<p>Kommt zum Tr\u00f6deln, Tanzen und Trinken Als Krims das erste mal, in einer fernen Zeit auf dem Dachboden eines alten Schlosses, Krams begegnete, wussten sie sofort, dass sie unzertrennlich und f\u00fcreinander geschaffen waren. Es war eine Zeit in der es noch wichtig war, Gegenst\u00e4nde wie Sch\u00e4tze zu behandeln und diese so zu fertigen, dass sie&hellip;<\/p>\n","protected":false},"author":1,"featured_media":375,"parent":0,"menu_order":0,"comment_status":"closed","ping_status":"closed","template":"","meta":{"footnotes":""},"class_list":["post-2","page","type-page","status-publish","has-post-thumbnail","hentry"],"jetpack_sharing_enabled":true,"_links":{"self":[{"href":"https:\/\/www.krimsundkrams.com\/index.php?rest_route=\/wp\/v2\/pages\/2","targetHints":{"allow":["GET"]}}],"collection":[{"href":"https:\/\/www.krimsundkrams.com\/index.php?rest_route=\/wp\/v2\/pages"}],"about":[{"href":"https:\/\/www.krimsundkrams.com\/index.php?rest_route=\/wp\/v2\/types\/page"}],"author":[{"embeddable":true,"href":"https:\/\/www.krimsundkrams.com\/index.php?rest_route=\/wp\/v2\/users\/1"}],"replies":[{"embeddable":true,"href":"https:\/\/www.krimsundkrams.com\/index.php?rest_route=%2Fwp%2Fv2%2Fcomments&post=2"}],"version-history":[{"count":9,"href":"https:\/\/www.krimsundkrams.com\/index.php?rest_route=\/wp\/v2\/pages\/2\/revisions"}],"predecessor-version":[{"id":1422,"href":"https:\/\/www.krimsundkrams.com\/index.php?rest_route=\/wp\/v2\/pages\/2\/revisions\/1422"}],"wp:featuredmedia":[{"embeddable":true,"href":"https:\/\/www.krimsundkrams.com\/index.php?rest_route=\/wp\/v2\/media\/375"}],"wp:attachment":[{"href":"https:\/\/www.krimsundkrams.com\/index.php?rest_route=%2Fwp%2Fv2%2Fmedia&parent=2"}],"curies":[{"name":"wp","href":"https:\/\/api.w.org\/{rel}","templated":true}]}}